{"id":6892,"date":"2022-10-04T22:28:59","date_gmt":"2022-10-05T03:28:59","guid":{"rendered":"https:\/\/icc.spanishicc.com\/?page_id=6892"},"modified":"2023-10-10T16:37:45","modified_gmt":"2023-10-10T22:37:45","slug":"register","status":"publish","type":"page","link":"https:\/\/spanishicc.com\/es\/register\/","title":{"rendered":"Registro"},"content":{"rendered":"<div data-elementor-type=\"wp-page\" data-elementor-id=\"6892\" class=\"elementor elementor-6892\" data-elementor-post-type=\"page\">\n\t\t\t\t\t\t<section class=\"elementor-section elementor-top-section elementor-element elementor-element-5e4e667c elementor-section-boxed elementor-section-gap-beside-yes elementor-section-height-default elementor-section-height-default elementor-section-column-vertical-align-stretch\" data-id=\"5e4e667c\" data-element_type=\"section\">\n\t\t\t\t\t\t<div class=\"elementor-container elementor-column-gap-extended\">\n\t\t\t\t\t<div class=\"elementor-column elementor-col-100 elementor-top-column elementor-element elementor-element-4681b5b4\" data-id=\"4681b5b4\" data-element_type=\"column\">\n\t\t\t<div class=\"elementor-widget-wrap elementor-element-populated\">\n\t\t\t\t\t\t<div class=\"elementor-element elementor-element-5ffdec1a elementor-widget elementor-widget-text-editor\" data-id=\"5ffdec1a\" data-element_type=\"widget\" data-widget_type=\"text-editor.default\">\n\t\t\t\t<div class=\"elementor-widget-container\">\n\t\t\t\t\t\t\t\t\t\t\t\t\t\t\t\t\t<\/div>\n\t\t\t\t<\/div>\n\t\t\t\t\t<\/div>\n\t\t<\/div>\n\t\t\t\t\t<\/div>\n\t\t<\/section>\n\t\t\t\t<section class=\"elementor-section elementor-top-section elementor-element elementor-element-77f3de1 elementor-section-boxed elementor-section-gap-beside-yes elementor-section-height-default elementor-section-height-default elementor-section-column-vertical-align-stretch\" data-id=\"77f3de1\" data-element_type=\"section\">\n\t\t\t\t\t\t<div class=\"elementor-container elementor-column-gap-extended\">\n\t\t\t\t\t<div class=\"elementor-column elementor-col-100 elementor-top-column elementor-element elementor-element-73d3e2c\" data-id=\"73d3e2c\" data-element_type=\"column\">\n\t\t\t<div class=\"elementor-widget-wrap elementor-element-populated\">\n\t\t\t\t\t\t<div class=\"elementor-element elementor-element-3cbd855 edumall-modern-heading-style-01 elementor-widget elementor-widget-tm-heading\" data-id=\"3cbd855\" data-element_type=\"widget\" data-widget_type=\"tm-heading.default\">\n\t\t\t\t<div class=\"elementor-widget-container\">\n\t\t\t\t\t\t\t<div class=\"tm-modern-heading\">\n\t\t\t\n\t\t\t\t\t<div class=\"heading-primary-wrap\">\n\t\t\t<h2 class=\"heading-primary elementor-heading-title\"><mark>Registro<\/mark><\/h2>\t\t<\/div>\n\t\t\n\t\t\t\n\t\t\t\t\t<\/div>\n\t\t\t\t\t\t<\/div>\n\t\t\t\t<\/div>\n\t\t\t\t\t<\/div>\n\t\t<\/div>\n\t\t\t\t\t<\/div>\n\t\t<\/section>\n\t\t\t\t<section class=\"elementor-section elementor-top-section elementor-element elementor-element-cfd436f elementor-section-boxed elementor-section-gap-beside-yes elementor-section-height-default elementor-section-height-default elementor-section-column-vertical-align-stretch\" data-id=\"cfd436f\" data-element_type=\"section\">\n\t\t\t\t\t\t<div class=\"elementor-container elementor-column-gap-extended\">\n\t\t\t\t\t<div class=\"elementor-column elementor-col-100 elementor-top-column elementor-element elementor-element-c836a20\" data-id=\"c836a20\" data-element_type=\"column\">\n\t\t\t<div class=\"elementor-widget-wrap elementor-element-populated\">\n\t\t\t\t\t\t<div class=\"elementor-element elementor-element-1abeb56 elementor-widget elementor-widget-heading\" data-id=\"1abeb56\" data-element_type=\"widget\" data-widget_type=\"heading.default\">\n\t\t\t\t<div class=\"elementor-widget-container\">\n\t\t\t\t\t<h2 class=\"elementor-heading-title elementor-size-default\">* Obligatorio<\/h2>\t\t\t\t<\/div>\n\t\t\t\t<\/div>\n\t\t\t\t<div class=\"elementor-element elementor-element-7c3adf2 elementor-widget elementor-widget-tm-heading\" data-id=\"7c3adf2\" data-element_type=\"widget\" data-widget_type=\"tm-heading.default\">\n\t\t\t\t<div class=\"elementor-widget-container\">\n\t\t\t\t\t\t\t<div class=\"tm-modern-heading\">\n\t\t\t\n\t\t\t\n\t\t\t\n\t\t\t\t\t<div class=\"heading-description-wrap\">\n\t\t\t<div class=\"heading-description\">\n\t\t\t\t<p style=\"text-align: center\">\n<div class=\"wpcf7 no-js\" id=\"wpcf7-f6895-o1\" lang=\"en-US\" dir=\"ltr\" data-wpcf7-id=\"6895\">\n<div class=\"screen-reader-response\"><p role=\"status\" aria-live=\"polite\" aria-atomic=\"true\"><\/p> <ul><\/ul><\/div>\n<form action=\"\/es\/wp-json\/wp\/v2\/pages\/6892#wpcf7-f6895-o1\" method=\"post\" class=\"wpcf7-form init\" aria-label=\"Contact form\" novalidate=\"novalidate\" data-status=\"init\" data-trp-original-action=\"\/es\/wp-json\/wp\/v2\/pages\/6892#wpcf7-f6895-o1\">\n<fieldset class=\"hidden-fields-container\"><input type=\"hidden\" name=\"_wpcf7\" value=\"6895\" \/><input type=\"hidden\" name=\"_wpcf7_version\" value=\"6.1.2\" \/><input type=\"hidden\" name=\"_wpcf7_locale\" value=\"en_US\" \/><input type=\"hidden\" name=\"_wpcf7_unit_tag\" value=\"wpcf7-f6895-o1\" \/><input type=\"hidden\" name=\"_wpcf7_container_post\" value=\"0\" \/><input type=\"hidden\" name=\"_wpcf7_posted_data_hash\" value=\"\" \/><input type=\"hidden\" name=\"_wpcf7_recaptcha_response\" value=\"\" \/>\n<\/fieldset>\n<div class=\"container formulario\">\n\t<div class=\"row\">\n\t\t<div class=\"col-md-6\">\n\t\t\t<div class=\"form-group\">\n\t\t\t\t<div class=\"form-input-group\">\n\t\t\t\t\t<p><label class=\"etiquetas\">First name \/ Nombre(s)*<\/label><br \/>\n<span class=\"wpcf7-form-control-wrap\" data-name=\"your-name\"><input size=\"40\" maxlength=\"400\" class=\"wpcf7-form-control wpcf7-text wpcf7-validates-as-required form-control form-input\" aria-required=\"true\" aria-invalid=\"false\" placeholder=\"First name \/ Nombre(s)*\" value=\"\" type=\"text\" name=\"your-name\" \/><\/span>\n\t\t\t\t\t<\/p>\n\t\t\t\t<\/div>\n\t\t\t<\/div>\n\t\t<\/div>\n\t\t<div class=\"col-md-6\">\n\t\t\t<div class=\"form-group\">\n\t\t\t\t<div class=\"form-input-group\">\n\t\t\t\t\t<p><label class=\"etiquetas\">Last name \/ Apellido(s)*<\/label><br \/>\n<span class=\"wpcf7-form-control-wrap\" data-name=\"last-name\"><input size=\"40\" maxlength=\"400\" class=\"wpcf7-form-control wpcf7-text wpcf7-validates-as-required form-control form-input\" aria-required=\"true\" aria-invalid=\"false\" placeholder=\"Last name \/ Apellido(s)*\" value=\"\" type=\"text\" name=\"last-name\" \/><\/span>\n\t\t\t\t\t<\/p>\n\t\t\t\t<\/div>\n\t\t\t<\/div>\n\t\t<\/div>\n\t<\/div>\n\t<div class=\"row\">\n\t\t<div class=\"col-md-6\">\n\t\t\t<div class=\"form-group\">\n\t\t\t\t<div class=\"form-input-group\">\n\t\t\t\t\t<p><label class=\"etiquetas\">E-mail \/ Correo Electr\u00f3nico*<\/label><br \/>\n<span class=\"wpcf7-form-control-wrap\" data-name=\"your-email\"><input size=\"40\" maxlength=\"400\" class=\"wpcf7-form-control wpcf7-email wpcf7-validates-as-required wpcf7-text wpcf7-validates-as-email form-input\" aria-required=\"true\" aria-invalid=\"false\" placeholder=\"E-mail \/ Correo Electr\u00f3nico*\" value=\"\" type=\"email\" name=\"your-email\" \/><\/span>\n\t\t\t\t\t<\/p>\n\t\t\t\t<\/div>\n\t\t\t<\/div>\n\t\t<\/div>\n\t\t<div class=\"col-md-6\">\n\t\t\t<div class=\"form-group\">\n\t\t\t\t<div class=\"form-input-group\">\n\t\t\t\t\t<p><label class=\"etiquetas\">Date of birth \/ Fecha de nacimiento*<\/label><br \/>\n<span class=\"wpcf7-form-control-wrap\" data-name=\"fnacimiento\"><input class=\"wpcf7-form-control wpcf7-date wpcf7-validates-as-required wpcf7-validates-as-date form-input\" aria-required=\"true\" aria-invalid=\"false\" value=\"\" type=\"date\" name=\"fnacimiento\" \/><\/span>\n\t\t\t\t\t<\/p>\n\t\t\t\t<\/div>\n\t\t\t<\/div>\n\t\t<\/div>\n\t<\/div><!--\/row-->\n\t<div class=\"row\">\n\t\t<div class=\"col-md-3\">\n\t\t\t<div class=\"form-group\">\n\t\t\t\t<div class=\"form-input-group\">\n\t\t\t\t\t<p><label class=\"etiquetas\">Gender \/ G\u00e9nero*:<\/label><br \/>\n<span class=\"wpcf7-form-control-wrap\" data-name=\"genero\"><input size=\"40\" maxlength=\"400\" class=\"wpcf7-form-control wpcf7-text wpcf7-validates-as-required form-control form-input\" aria-required=\"true\" aria-invalid=\"false\" placeholder=\"Gender \/ G\u00e9nero *\" value=\"\" type=\"text\" name=\"genero\" \/><\/span>\n\t\t\t\t\t<\/p>\n\t\t\t\t<\/div>\n\t\t\t<\/div>\n\t\t<\/div>\n\t\t<div class=\"col-md-4\">\n\t\t\t<div class=\"form-group\">\n\t\t\t\t<div class=\"form-input-group\">\n\t\t\t\t\t<p><label class=\"etiquetas\">Nationality \/ Nacionalidad*:<\/label><br \/>\n<span class=\"wpcf7-form-control-wrap\" data-name=\"nacion\"><input size=\"40\" maxlength=\"400\" class=\"wpcf7-form-control wpcf7-text wpcf7-validates-as-required form-control form-input\" aria-required=\"true\" aria-invalid=\"false\" placeholder=\"Nationality \/ Nacionalidad*\" value=\"\" type=\"text\" name=\"nacion\" \/><\/span>\n\t\t\t\t\t<\/p>\n\t\t\t\t<\/div>\n\t\t\t<\/div>\n\t\t<\/div>\n\t\t<div class=\"col-md-5\">\n\t\t\t<div class=\"form-group\">\n\t\t\t\t<div class=\"form-input-group\">\n\t\t\t\t\t<p><label class=\"etiquetas\">Country of residency \/ Pa\u00eds de residencia*:<\/label><br \/>\n<span class=\"wpcf7-form-control-wrap\" data-name=\"residence\"><input size=\"40\" maxlength=\"400\" class=\"wpcf7-form-control wpcf7-text wpcf7-validates-as-required form-control form-input\" aria-required=\"true\" aria-invalid=\"false\" placeholder=\"Country of residency \/ Pa\u00eds de residencia*\" value=\"\" type=\"text\" name=\"residence\" \/><\/span>\n\t\t\t\t\t<\/p>\n\t\t\t\t<\/div>\n\t\t\t<\/div>\n\t\t<\/div>\n\t<\/div><!--\/row-->\n\t<div class=\"row\">\n\t\t<div class=\"col-md-4\">\n\t\t\t<div class=\"form-input-group\">\n\t\t\t\t<div class=\"form-input-group\">\n\t\t\t\t\t<p><label class=\"etiquetas\">Mobile number \/ Tel\u00e9fono m\u00f3vil*:<\/label><br \/>\n<span class=\"wpcf7-form-control-wrap\" data-name=\"tel-fijo\"><input size=\"40\" maxlength=\"400\" class=\"wpcf7-form-control wpcf7-text wpcf7-validates-as-required form-control form-input\" aria-required=\"true\" aria-invalid=\"false\" placeholder=\"Phone movil\/cell phoneN\u00famero de tel\u00e9fono*\" value=\"\" type=\"text\" name=\"tel-fijo\" \/><\/span>\n\t\t\t\t\t<\/p>\n\t\t\t\t<\/div>\n\t\t\t<\/div>\n\t\t<\/div>\n\t\t<div class=\"col-md-4\">\n\t\t\t<div class=\"form-group\">\n\t\t\t\t<div class=\"form-input-group\">\n\t\t\t\t\t<p><label class=\"etiquetas\">Private number \/ Tel\u00e9fono fijo:<\/label><br \/>\n<span class=\"wpcf7-form-control-wrap\" data-name=\"your-phone\"><input size=\"40\" maxlength=\"400\" class=\"wpcf7-form-control wpcf7-text form-control form-input\" aria-invalid=\"false\" placeholder=\"Phone fijo\/private\/N\u00famero de tel\u00e9fono\" value=\"\" type=\"text\" name=\"your-phone\" \/><\/span>\n\t\t\t\t\t<\/p>\n\t\t\t\t<\/div>\n\t\t\t<\/div>\n\t\t<\/div>\n\t\t<div class=\"col-md-4\">\n\t\t\t<div class=\"form-group\">\n\t\t\t\t<div class=\"form-input-group\">\n\t\t\t\t\t<p><label class=\"etiquetas\">Profession \/ Profesi\u00f3n*<\/label><br \/>\n<span class=\"wpcf7-form-control-wrap\" data-name=\"profesion\"><input size=\"40\" maxlength=\"400\" class=\"wpcf7-form-control wpcf7-text wpcf7-validates-as-required form-control form-input\" aria-required=\"true\" aria-invalid=\"false\" placeholder=\"Profession \/ Profesi\u00f3n*\" value=\"\" type=\"text\" name=\"profesion\" \/><\/span>\n\t\t\t\t\t<\/p>\n\t\t\t\t<\/div>\n\t\t\t<\/div>\n\t\t<\/div>\n\t<\/div><!--\/row-->\n\t<div class=\"row\">\n\t<hr \/>\n\t<\/div>\n\t<div class=\"row\">\n\t\t<div class=\"col-md-12\">\n\t\t\t<div class=\"barratitulo\">\n\t\t\t\t<p>Contact in case of emergency \/ Contacto en caso de emergencia*\n\t\t\t\t<\/p>\n\t\t\t<\/div>\n\t\t<\/div>\n\t\t<div class=\"col-md-6\">\n\t\t\t<div class=\"form-group\">\n\t\t\t\t<div class=\"form-input-group\">\n\t\t\t\t\t<p><label class=\"etiquetas\">Name \/ Nombre*<\/label><br \/>\n<span class=\"wpcf7-form-control-wrap\" data-name=\"contacto-nombre\"><input size=\"40\" maxlength=\"400\" class=\"wpcf7-form-control wpcf7-text wpcf7-validates-as-required form-control form-input\" aria-required=\"true\" aria-invalid=\"false\" placeholder=\"Name \/ Nombre*\" value=\"\" type=\"text\" name=\"contacto-nombre\" \/><\/span>\n\t\t\t\t\t<\/p>\n\t\t\t\t<\/div>\n\t\t\t<\/div>\n\t\t<\/div>\n\t\t<div class=\"col-md-6\">\n\t\t\t<div class=\"form-group\">\n\t\t\t\t<div class=\"form-input-group\">\n\t\t\t\t\t<p><label class=\"etiquetas\">Relationship \/ Parentesco*<\/label><br \/>\n<span class=\"wpcf7-form-control-wrap\" data-name=\"contacto-parentesco\"><input size=\"40\" maxlength=\"400\" class=\"wpcf7-form-control wpcf7-text wpcf7-validates-as-required form-control form-input\" aria-required=\"true\" aria-invalid=\"false\" placeholder=\"Relationship \/ Parentesco*\" value=\"\" type=\"text\" name=\"contacto-parentesco\" \/><\/span>\n\t\t\t\t\t<\/p>\n\t\t\t\t<\/div>\n\t\t\t<\/div>\n\t\t<\/div>\n\t<\/div><!--\/row-->\n\t<div class=\"row\">\n\t\t<div class=\"col-md-6\">\n\t\t\t<div class=\"form-group\">\n\t\t\t\t<div class=\"form-input-group\">\n\t\t\t\t\t<p><label class=\"etiquetas\">Mobile Number \/ Tel\u00e9fono movil*<br \/>\n<\/label><br \/>\n<span class=\"wpcf7-form-control-wrap\" data-name=\"contacto-telefonomovil\"><input size=\"40\" maxlength=\"400\" class=\"wpcf7-form-control wpcf7-text wpcf7-validates-as-required form-control form-input\" aria-required=\"true\" aria-invalid=\"false\" placeholder=\"Mobile Number \/ Tel\u00e9fono movil*\" value=\"\" type=\"text\" name=\"contacto-telefonomovil\" \/><\/span>\n\t\t\t\t\t<\/p>\n\t\t\t\t<\/div>\n\t\t\t<\/div>\n\t\t<\/div>\n\t\t<div class=\"col-md-6\">\n\t\t\t<div class=\"form-group\">\n\t\t\t\t<div class=\"form-input-group\">\n\t\t\t\t\t<p><label class=\"etiquetas\">Important information about your health \/ Informaci\u00f3n importante acerca de tu salud <\/label><br \/>\n<span class=\"wpcf7-form-control-wrap\" data-name=\"contacto-acerca-salud\"><input size=\"40\" maxlength=\"400\" class=\"wpcf7-form-control wpcf7-text form-control form-input\" aria-invalid=\"false\" placeholder=\"Important information about your health \/ Informaci\u00f3n importante acerca de tu salud\" value=\"\" type=\"text\" name=\"contacto-acerca-salud\" \/><\/span>\n\t\t\t\t\t<\/p>\n\t\t\t\t<\/div>\n\t\t\t<\/div>\n\t\t<\/div>\n\t<\/div><!--\/row-->\n\t<div class=\"row\">\n\t\t<div class=\"col-md-12\">\n\t\t\t<div style=\"width:100%; height:5px; height:1px;border-top:solid 1px #ede7e7;margin-bottom:30px;\">\n\t\t\t<\/div>\n\t\t<\/div>\n\t<\/div>\n\t<div class=\"row\">\n\t\t<div class=\"col-md-12\">\n\t\t\t<div class=\"form-group\">\n\t\t\t\t<div class=\"form-input-group\">\n\t\t\t\t\t<p><label class=\"etiquetas\">How did you hear about ICC? \/ \u00bfC\u00f3mo se enter\u00f3 de ICC?*<\/label><br \/>\n<span class=\"wpcf7-form-control-wrap\" data-name=\"como-se-entero\"><input size=\"40\" maxlength=\"400\" class=\"wpcf7-form-control wpcf7-text wpcf7-validates-as-required form-control form-input\" aria-required=\"true\" aria-invalid=\"false\" placeholder=\"How did you hear about ICC? \/ \u00bfC\u00f3mo se enter\u00f3 de ICC?*\" value=\"\" type=\"text\" name=\"como-se-entero\" \/><\/span>\n\t\t\t\t\t<\/p>\n\t\t\t\t<\/div>\n\t\t\t<\/div>\n\t\t<\/div>\n\t\t<div class=\"col-md-12\">\n\t\t\t<div class=\"form-group\">\n\t\t\t\t<div class=\"form-input-group\">\n\t\t\t\t\t<p><label class=\"etiquetas\">What is your level of Spanish? \u00bfC\u00faal es tu nivel de espa\u00f1ol?*<\/label><br \/>\n<span class=\"wpcf7-form-control-wrap\" data-name=\"radio-704\"><span class=\"wpcf7-form-control wpcf7-radio\"><span class=\"wpcf7-list-item first\"><label><input type=\"radio\" name=\"radio-704\" value=\"0%\" \/><span class=\"wpcf7-list-item-label\">0%<\/span><\/label><\/span><span class=\"wpcf7-list-item\"><label><input type=\"radio\" name=\"radio-704\" value=\"30%\" \/><span class=\"wpcf7-list-item-label\">30%<\/span><\/label><\/span><span class=\"wpcf7-list-item\"><label><input type=\"radio\" name=\"radio-704\" value=\"50%\" \/><span class=\"wpcf7-list-item-label\">50%<\/span><\/label><\/span><span class=\"wpcf7-list-item\"><label><input type=\"radio\" name=\"radio-704\" value=\"70%\" \/><span class=\"wpcf7-list-item-label\">70%<\/span><\/label><\/span><span class=\"wpcf7-list-item last\"><label><input type=\"radio\" name=\"radio-704\" value=\"100%\" \/><span class=\"wpcf7-list-item-label\">100%<\/span><\/label><\/span><\/span><\/span>\n\t\t\t\t\t<\/p>\n\t\t\t\t<\/div>\n\t\t\t<\/div>\n\t\t<\/div>\n\t\t<div class=\"col-md-12\">\n\t\t\t<div class=\"form-group\">\n\t\t\t\t<div class=\"form-input-group\">\n\t\t\t\t\t<p><label class=\"etiquetas\">Other comments about your experience with Spanish \/ Otros comentarios sobre tu experiencia con el espa\u00f1ol.<\/label><br \/>\n<span class=\"wpcf7-form-control-wrap\" data-name=\"experiencia\"><input size=\"40\" maxlength=\"400\" class=\"wpcf7-form-control wpcf7-text form-control form-input\" aria-invalid=\"false\" placeholder=\"Other comments about your experience with Spanish \/ Otros comentarios sobre tu experiencia con el espa\u00f1ol.\" value=\"\" type=\"text\" name=\"experiencia\" \/><\/span>\n\t\t\t\t\t<\/p>\n\t\t\t\t<\/div>\n\t\t\t<\/div>\n\t\t<\/div>\n\t\t<div class=\"col-md-12\">\n\t\t\t<div class=\"form-group\">\n\t\t\t\t<div class=\"form-input-group\">\n\t\t\t\t\t<p><label class=\"etiquetas\">How long do you plan to study at ICC? \/ \u00bfCu\u00e1nto tiempo piensas estudiar en ICC?*<\/label><br \/>\n<span class=\"wpcf7-form-control-wrap\" data-name=\"tiempo-piensa-estudiar\"><input size=\"40\" maxlength=\"400\" class=\"wpcf7-form-control wpcf7-text wpcf7-validates-as-required form-control form-input\" aria-required=\"true\" aria-invalid=\"false\" placeholder=\"How long do you plan to study at ICC? \/ \u00bfCu\u00e1nto tiempo piensas estudiar en ICC?*\" value=\"\" type=\"text\" name=\"tiempo-piensa-estudiar\" \/><\/span>\n\t\t\t\t\t<\/p>\n\t\t\t\t<\/div>\n\t\t\t<\/div>\n\t\t<\/div>\n\t\t<div class=\"col-md-12\">\n\t\t\t<div class=\"form-group\">\n\t\t\t\t<div class=\"form-input-group\">\n\t\t\t\t\t<p><label class=\"etiquetas\">What modality are you interested in? \/ \u00bfEn qu\u00e9 modalidad est\u00e1s interesado?*<\/label><br \/>\n<span class=\"wpcf7-form-control-wrap\" data-name=\"radio-705\"><span class=\"wpcf7-form-control wpcf7-radio\"><span class=\"wpcf7-list-item first\"><label><span class=\"wpcf7-list-item-label\">online\/online<\/span><input type=\"radio\" name=\"radio-705\" value=\"online\/online\" \/><\/label><\/span><span class=\"wpcf7-list-item last\"><label><span class=\"wpcf7-list-item-label\">cara a cara\/face to face<\/span><input type=\"radio\" name=\"radio-705\" value=\"cara a cara\/face to face\" \/><\/label><\/span><\/span><\/span>\n\t\t\t\t\t<\/p>\n\t\t\t\t<\/div>\n\t\t\t<\/div>\n\t\t<\/div>\n\t\t<div class=\"col-md-12\">\n\t\t\t<div class=\"form-group\">\n\t\t\t\t<div class=\"form-input-group\">\n\t\t\t\t\t<p><label class=\"etiquetas\">Per hour or Intensive? \/ \u00bfPor hora o intensivo?<\/label><br \/>\n<span class=\"wpcf7-form-control-wrap\" data-name=\"radio-706\"><span class=\"wpcf7-form-control wpcf7-radio\"><span class=\"wpcf7-list-item first\"><label><span class=\"wpcf7-list-item-label\">Clases per hour \/ Clases por hora<\/span><input type=\"radio\" name=\"radio-706\" value=\"Clases per hour \/ Clases por hora\" \/><\/label><\/span><span class=\"wpcf7-list-item last\"><label><span class=\"wpcf7-list-item-label\">Intensive course \/ Curso intensivo<\/span><input type=\"radio\" name=\"radio-706\" value=\"Intensive course \/ Curso intensivo\" \/><\/label><\/span><\/span><\/span>\n\t\t\t\t\t<\/p>\n\t\t\t\t<\/div>\n\t\t\t<\/div>\n\t\t<\/div>\n\t\t<div class=\"col-md-12\">\n\t\t\t<div class=\"form-group\">\n\t\t\t\t<div class=\"form-input-group\">\n\t\t\t\t\t<p><label class=\"etiquetas\">When do you want to start? \/ \u00bfCu\u00e1ndo quieres iniciar?*<\/label><br \/>\n<span class=\"wpcf7-form-control-wrap\" data-name=\"inicio\"><input class=\"wpcf7-form-control wpcf7-date wpcf7-validates-as-required wpcf7-validates-as-date\" aria-required=\"true\" aria-invalid=\"false\" value=\"\" type=\"date\" name=\"inicio\" \/><\/span>\n\t\t\t\t\t<\/p>\n\t\t\t\t<\/div>\n\t\t\t<\/div>\n\t\t<\/div>\n\t\t<div class=\"col-md-12\">\n\t\t\t<div class=\"form-group\">\n\t\t\t\t<div class=\"form-input-group\">\n\t\t\t\t\t<p><label class=\"etiquetas\">Do you have any more comments? \/ \u00bfQuieres hacer alg\u00fan comentario?<\/label><span class=\"wpcf7-form-control-wrap\" data-name=\"comentarios\"><textarea cols=\"40\" rows=\"10\" maxlength=\"2000\" class=\"wpcf7-form-control wpcf7-textarea form-control form-input\" aria-invalid=\"false\" placeholder=\"Do you have any more comments? \/ \u00bfQuieres hacer alg\u00fan comentario?\" name=\"comentarios\"><\/textarea><\/span>\n\t\t\t\t\t<\/p>\n\t\t\t\t<\/div>\n\t\t\t<\/div>\n\t\t<\/div>\n\t<\/div>\n<!--\/row-->\n\t<div class=\"row\">\n\t\t<div class=\"col-md-12\" style=\"text-align:center;\">\n\t\t\t<p><a href=\"#\" class=\"popmake-7009\"> <strong>Consultar aqu\u00ed las pol\u00edticas de reservaci\u00f3n y cancelaci\u00f3n<\/strong><\/a><span class=\"wpcf7-form-control-wrap\" data-name=\"politica-reservacion\"><span class=\"wpcf7-form-control wpcf7-acceptance\"><span class=\"wpcf7-list-item\"><label><input type=\"checkbox\" name=\"politica-reservacion\" value=\"1\" aria-invalid=\"false\" \/><span class=\"wpcf7-list-item-label\">Acepto las Pol\u00edticas de reservaci\u00f3n y cancelaci\u00f3n<\/span><\/label><\/span><\/span><\/span>\n\t\t\t<\/p>\n\t\t<\/div>\n\t<\/div>\n\t<div class=\"row\">\n\t\t<div style=\"max-width:200px;margin:0 auto; margin-top:1rem;\">\n\t\t\t<p><input class=\"wpcf7-form-control wpcf7-submit has-spinner\" type=\"submit\" value=\"Enviar Registro\" \/>\n\t\t\t<\/p>\n\t\t<\/div>\n\t<\/div>\n<\/div><input type='hidden' class='wpcf7-pum' value='{\"closepopup\":false,\"closedelay\":0,\"openpopup\":false,\"openpopup_id\":0}' \/><div class=\"wpcf7-response-output\" aria-hidden=\"true\"><\/div>\n<input type=\"hidden\" name=\"trp-form-language\" value=\"es\"\/><\/form>\n<\/div>\n<\/p>\t\t\t<\/div>\n\t\t<\/div>\n\t\t\t<\/div>\n\t\t\t\t\t\t<\/div>\n\t\t\t\t<\/div>\n\t\t\t\t\t<\/div>\n\t\t<\/div>\n\t\t\t\t\t<\/div>\n\t\t<\/section>\n\t\t\t\t<section class=\"elementor-section elementor-top-section elementor-element elementor-element-6a9f8eb elementor-section-boxed elementor-section-gap-beside-yes elementor-section-height-default elementor-section-height-default elementor-section-column-vertical-align-stretch\" data-id=\"6a9f8eb\" data-element_type=\"section\">\n\t\t\t\t\t\t<div class=\"elementor-container elementor-column-gap-extended\">\n\t\t\t\t\t<div class=\"elementor-column elementor-col-100 elementor-top-column elementor-element elementor-element-7db1d47\" data-id=\"7db1d47\" data-element_type=\"column\">\n\t\t\t<div class=\"elementor-widget-wrap elementor-element-populated\">\n\t\t\t\t\t\t<div class=\"elementor-element elementor-element-2e60e7b edumall-shape-border-circle elementor-widget__width-auto elementor-absolute elementor-widget elementor-widget-tm-shapes\" data-id=\"2e60e7b\" data-element_type=\"widget\" data-settings=\"{&quot;motion_fx_motion_fx_mouse&quot;:&quot;yes&quot;,&quot;motion_fx_mouseTrack_effect&quot;:&quot;yes&quot;,&quot;_position&quot;:&quot;absolute&quot;,&quot;motion_fx_mouseTrack_direction&quot;:&quot;negative&quot;,&quot;motion_fx_mouseTrack_speed&quot;:{&quot;unit&quot;:&quot;px&quot;,&quot;size&quot;:1,&quot;sizes&quot;:[]}}\" data-widget_type=\"tm-shapes.default\">\n\t\t\t\t<div class=\"elementor-widget-container\">\n\t\t\t\t\t\t\t<div class=\"edumall-shape edumall-shape-1-1\">\n\t\t\t\t\t\t\t<div class=\"shape\"><\/div>\n\t\t\t\t\t<\/div>\n\t\t\t\t\t\t<\/div>\n\t\t\t\t<\/div>\n\t\t\t\t\t<\/div>\n\t\t<\/div>\n\t\t\t\t\t<\/div>\n\t\t<\/section>\n\t\t\t\t<\/div>","protected":false},"excerpt":{"rendered":"<p>Register * Obligatory<\/p>","protected":false},"author":4,"featured_media":0,"parent":0,"menu_order":0,"comment_status":"closed","ping_status":"closed","template":"templates\/boxed.php","meta":{"footnotes":""},"class_list":["post-6892","page","type-page","status-publish","hentry","post-no-thumbnail"],"_links":{"self":[{"href":"https:\/\/spanishicc.com\/es\/wp-json\/wp\/v2\/pages\/6892","targetHints":{"allow":["GET"]}}],"collection":[{"href":"https:\/\/spanishicc.com\/es\/wp-json\/wp\/v2\/pages"}],"about":[{"href":"https:\/\/spanishicc.com\/es\/wp-json\/wp\/v2\/types\/page"}],"author":[{"embeddable":true,"href":"https:\/\/spanishicc.com\/es\/wp-json\/wp\/v2\/users\/4"}],"replies":[{"embeddable":true,"href":"https:\/\/spanishicc.com\/es\/wp-json\/wp\/v2\/comments?post=6892"}],"version-history":[{"count":24,"href":"https:\/\/spanishicc.com\/es\/wp-json\/wp\/v2\/pages\/6892\/revisions"}],"predecessor-version":[{"id":8684,"href":"https:\/\/spanishicc.com\/es\/wp-json\/wp\/v2\/pages\/6892\/revisions\/8684"}],"wp:attachment":[{"href":"https:\/\/spanishicc.com\/es\/wp-json\/wp\/v2\/media?parent=6892"}],"curies":[{"name":"wp","href":"https:\/\/api.w.org\/{rel}","templated":true}]}}