{"id":8192,"date":"2023-09-20T12:25:44","date_gmt":"2023-09-20T18:25:44","guid":{"rendered":"https:\/\/spanishicc.com\/?page_id=8192"},"modified":"2023-09-20T13:15:04","modified_gmt":"2023-09-20T19:15:04","slug":"notice-of-privacy","status":"publish","type":"page","link":"https:\/\/spanishicc.com\/es\/notice-of-privacy\/","title":{"rendered":"Aviso de privacidad"},"content":{"rendered":"<div data-elementor-type=\"wp-page\" data-elementor-id=\"8192\" class=\"elementor elementor-8192\" data-elementor-post-type=\"page\">\n\t\t\t\t\t\t<section class=\"elementor-section elementor-top-section elementor-element elementor-element-1938a49 elementor-section-boxed elementor-section-gap-beside-yes elementor-section-height-default elementor-section-height-default elementor-section-column-vertical-align-stretch\" data-id=\"1938a49\" data-element_type=\"section\">\n\t\t\t\t\t\t<div class=\"elementor-container elementor-column-gap-extended\">\n\t\t\t\t\t<div class=\"elementor-column elementor-col-100 elementor-top-column elementor-element elementor-element-b6f31f0\" data-id=\"b6f31f0\" data-element_type=\"column\">\n\t\t\t<div class=\"elementor-widget-wrap elementor-element-populated\">\n\t\t\t\t\t\t<div class=\"elementor-element elementor-element-eaef473 elementor-invisible elementor-widget elementor-widget-tm-heading\" data-id=\"eaef473\" data-element_type=\"widget\" data-settings=\"{&quot;_animation&quot;:&quot;edumallFadeInUp&quot;}\" data-widget_type=\"tm-heading.default\">\n\t\t\t\t<div class=\"elementor-widget-container\">\n\t\t\t\t\t\t\t<div class=\"tm-modern-heading\">\n\t\t\t\n\t\t\t\n\t\t\t\n\t\t\t\t\t<div class=\"heading-description-wrap\">\n\t\t\t<div class=\"heading-description\">\n\t\t\t\t<p>De conformidad con lo establecido en la Ley Federal de Protecci\u00f3n de Datos Personales en Posesi\u00f3n de los Particulares, Edmundo Carlos Sandoval Ochoa y\/o Instituto de Idioma y Cultura en Cuernavaca, pone a su disposici\u00f3n el siguiente aviso de privacidad.<\/p><p>Edmundo Carlos Sandoval Ochoa y\/o Instituto de Idioma y Cultura en Cuernavaca, es responsable del uso y protecci\u00f3n de sus datos personales, en este sentido y atendiendo las obligaciones legales establecidas en la Ley Federal de Protecci\u00f3n de Datos Personales en Posesi\u00f3n de los Particulares, a trav\u00e9s de este instrumento se informa a los titulares de los datos, la informaci\u00f3n que de ellos se recaba y los fines que se le dar\u00e1n a dicha informaci\u00f3n.<\/p><p>Adem\u00e1s de lo anterior, le informamos a usted que Edmundo Carlos Sandoval Ochoa y\/o Instituto de Idioma y Cultura en Cuernavaca, tiene su domicilio ubicado en:<\/p><p>Privada Narciso Mendoza 5, Colonia La Pradera, Cuernavaca, Morelos, M\u00e9xico. CP 62170<\/p><p>Los datos personales que recabamos de usted ser\u00e1n utilizados para las siguientes finalidades, las cuales son necesarias para concretar nuestra relaci\u00f3n con usted, as\u00ed como atender los servicios y\/o pedidos que solicite:<\/p><p>- Cotizar clases de idioma espa\u00f1ol como segundo idioma;<br \/>- Impartir clases de idioma espa\u00f1ol como segundo idioma;<br \/>- Reclutar y capacitar personal para la ense\u00f1anza del idioma espa\u00f1ol como segundo idioma;<br \/>- Actualizar nuestra base de datos de estudiantes y\/o clientes institucionales o comerciales (personas f\u00edsicas o morales);<br \/>- Actualizar nuestra base de datos del personal para la ense\u00f1anza del idioma espa\u00f1ol.<\/p><p>Para llevar a cabo las finalidades descritas en el presente aviso de privacidad, utilizaremos los siguientes datos personales:<\/p><p>- Nombre<br \/>- Tel\u00e9fonos<br \/>- Correo electr\u00f3nico<br \/>- Domicilio<br \/>- Profesi\u00f3n<br \/>- Identificaci\u00f3n oficial <br \/>- C\u00e9dula profesional<br \/>- T\u00edtulo de licenciatura<br \/>- CURP<br \/>- RFC<br \/>- Constancia de situaci\u00f3n fiscal<\/p><p>Por otra parte, informamos a usted, que sus datos personales no ser\u00e1n compartidos con ninguna autoridad, empresa, organizaci\u00f3n o persona distintas a nosotros y ser\u00e1n utilizados exclusivamente para los fines se\u00f1alados.<\/p><p>Usted tiene en todo momento el derecho a conocer qu\u00e9 datos personales tenemos de usted, para qu\u00e9 los utilizamos y las condiciones del uso que les damos (Acceso). Asimismo, es su derecho solicitar la correcci\u00f3n de su informaci\u00f3n personal en caso de que est\u00e9 desactualizada, sea inexacta o incompleta (Rectificaci\u00f3n); de igual manera, tiene derecho a que su informaci\u00f3n se elimine de nuestros registros o bases de datos cuando considere que la misma no est\u00e1 siendo utilizada adecuadamente (Cancelaci\u00f3n); as\u00ed como tambi\u00e9n a oponerse al uso de sus datos personales para fines espec\u00edficos (Oposici\u00f3n). Estos derechos se conocen como derechos ARCO.<\/p><p>Para el ejercicio de cualquiera de los derechos ARCO, se deber\u00e1 presentar la solicitud respectiva a trav\u00e9s de la siguiente direcci\u00f3n electr\u00f3nica:<\/p><p>idiomaicc@gmail.com<\/p><p>Lo anterior tambi\u00e9n servir\u00e1 para conocer el procedimiento y requisitos para el ejercicio de los derechos ARCO.<\/p><p>En todo caso la respuesta a la solicitud se dar\u00e1 en 10 d\u00edas h\u00e1biles.<\/p><p>Los datos de contacto de la persona o departamento de datos personales, que est\u00e1 a cargo de dar tr\u00e1mite a las solicitudes de derechos ARCO, son los siguientes:<\/p><p>a) Nombre del responsable: Edmundo Carlos Sandoval Ochoa<br \/>b) Domicilio: Privada Narciso Mendoza 5, Colonia La Pradera, Cuernavaca, Morelos, M\u00e9xico,\nCP 62170<br \/>c) Tel\u00e9fono: 777 317 89 47<br \/>d) Correo electr\u00f3nico: idiomaicc@gmail.com<\/p><p>Cabe mencionar, que en cualquier momento usted puede revocar su consentimiento para el uso de sus datos personales. Del mismo modo, usted puede revocar el consentimiento que, en su caso, nos haya otorgado para el tratamiento de sus datos personales. Sin embargo, es importante que tenga en cuenta que no en todos los casos podremos atender su solicitud o concluir el uso de forma inmediata, ya que es posible que por alguna obligaci\u00f3n legal se requiera seguir tratando sus datos personales. Asimismo, usted deber\u00e1 considerar que, para ciertos fines, la revocaci\u00f3n de su consentimiento implicar\u00e1 que no podamos seguir prestando el servicio que nos solicit\u00f3, o la conclusi\u00f3n de su relaci\u00f3n con nosotros.<\/p><p>Para revocar el consentimiento que usted otorga en este acto o para limitar su divulgaci\u00f3n, se deber\u00e1 presentar la solicitud respectiva a trav\u00e9s de la siguiente direcci\u00f3n electr\u00f3nica:<\/p><p>idiomaicc@gmail.com<\/p><p>Del mismo modo, podr\u00e1 solicitar la informaci\u00f3n para conocer el procedimiento y requisitos para la revocaci\u00f3n del consentimiento, as\u00ed como limitar el uso y divulgaci\u00f3n de su informaci\u00f3n personal, sin embargo, estas solicitudes deber\u00e1n contener la siguiente informaci\u00f3n:<\/p><p>- Nombre<br \/>- Tel\u00e9fono<br \/>- Correo electr\u00f3nico<br \/>-  Exposici\u00f3n de motivos<\/p><p>La respuesta a la solicitud de revocaci\u00f3n o limitaci\u00f3n de divulgaci\u00f3n de sus datos se dar\u00e1 a m\u00e1s tardar en 10 d\u00edas h\u00e1biles y se comunicar\u00e1 de la siguiente forma:<\/p><p>A trav\u00e9s de correo electr\u00f3nico<\/p><p>El presente aviso de privacidad puede sufrir modificaciones, cambios o actualizaciones derivadas de nuevos requerimientos legales; de nuestras propias necesidades por los productos o servicios que ofrecemos; de nuestras pr\u00e1cticas de privacidad; de cambios en nuestro modelo de negocio, o por otras causas, por lo cual, nos comprometemos a mantenerlo informado sobre los cambios que pueda sufrir el presente aviso de privacidad, sin embargo, usted puede solicitar informaci\u00f3n sobre si el mismo ha sufrido alg\u00fan cambio a trav\u00e9s de la siguiente direcci\u00f3n electr\u00f3nica:<\/p><p>idiomaicc@gmail.com<\/p><p>\u00daltima actualizaci\u00f3n: 30 de septiembre de 2023<\/p>\t\t\t<\/div>\n\t\t<\/div>\n\t\t\t<\/div>\n\t\t\t\t\t\t<\/div>\n\t\t\t\t<\/div>\n\t\t\t\t\t<\/div>\n\t\t<\/div>\n\t\t\t\t\t<\/div>\n\t\t<\/section>\n\t\t\t\t<\/div>","protected":false},"excerpt":{"rendered":"<p>In accordance with the provisions of the Federal Law on Protection of Personal Data Held by Private Parties, Edmundo Carlos Sandoval Ochoa and\/or Institute of Language and Culture in Cuernavaca, makes the following privacy notice available to you. Edmundo Carlos Sandoval Ochoa and\/or Institute of Language and Culture in Cuernavaca, is responsible for the use and protection of your personal data, in this sense and in compliance with the legal obligations established in the Federal Law on Protection of Personal Data Held by Private Parties, through this instrument, data owners are informed of the information collected from them and the purposes that will be given to said information. In addition to the above, we inform you that Edmundo Carlos Sandoval Ochoa and\/or Institute of Language and Culture in Cuernavaca, has its address located at: Privada Narciso Mendoza 5, Colonia La Pradera, Cuernavaca, Morelos, M\u00e9xico. CP 62170 The personal data that we collect from you will be used for the following purposes, which are necessary to establish our relationship with you, as well as to attend to the services and\/or orders you request: &#8211; Quote cost of Spanish language classes as a second language.&#8211; Teach Spanish language classes as a second language.&#8211; Recruit and train personnel to teach the Spanish language as a second language.&#8211; Update our database of students and\/or institutional or commercial clients (natural or legal persons)&#8211; Update our database of personnel for teaching the Spanish language. To carry out the purposes described in this privacy notice, we will use the following personal data: &#8211; Name&#8211; Telephones&#8211; Email&#8211; Home&#8211; Profession&#8211; Official identification &#8211; Professional license&#8211; Bachelor&#8217;s degree&#8211; CURP&#8211; RFC&#8211; Proof of tax situation On the other hand, we inform you that your personal data will not be shared with any authority, company, organization or person other than us and will be used exclusively for the indicated purposes. You have at all times the right to know what personal data we have about you, what we use it for and the conditions of use we give it (Access). Likewise, it is your right to request the correction of your personal information if it is outdated, inaccurate or incomplete (Rectification); Likewise, you have the right to have your information deleted from our records or databases when you consider that it is not being used appropriately (Cancellation); as well as to oppose the use of your personal data for specific purposes (Opposition). These rights are known as ARCO rights. To exercise any of the ARCO rights, the respective request must be submitted through the following email address: idiomaicc@gmail.com The above will also serve to know the procedure and requirements for the exercise of ARCO rights. In any case, the response to the request will be given within 10 business days. The contact details of the person or personal data department, who is in charge of processing ARCO rights requests, are as follows: a) Name of the person responsible: Edmundo Carlos Sandoval Ochoa.b) Address: Privada Narciso Mendoza 5, Colonia La Pradera, Cuernavaca, Morelos, Mexico, CP 62170c) Telephone: 777 317 89 47d) Email: idiomaicc@gmail.com It is worth mentioning that at any time you can revoke your consent for the use of your personal data. Likewise, you can revoke the consent that, if applicable, you have given us for the processing of your personal data. However, it is important that you keep in mind that not in all cases we will be able to respond to your request or terminate the use immediately, since it is possible that due to some legal obligation it is required to continue processing your personal data. Likewise, you must consider that, for certain purposes, the revocation of your consent will mean that we will not be able to continue providing the service you requested from us, or the conclusion of your relationship with us. To revoke the consent that you grant in this act or to limit its disclosure, the respective request must be submitted through the following email address: idiomaicc@gmail.com Likewise, you may request information to know the procedure and requirements for revoking consent, as well as limit the use and disclosure of your personal information, however, these requests must contain the following information: &#8211; Name&#8211; Telephone&#8211; Email&#8211; Explanation of reasons The response to the request for revocation or limitation of disclosure of your data will be given no later than 10 business days and will be communicated as follows: Via email. This privacy notice may be modified, changed or updated due to new legal requirements; of our own needs for the products or services we offer; of our privacy practices; of changes in our business model, or for other reasons, therefore, we undertake to keep you informed about the changes that this privacy notice may undergo, however, you can request information about whether it has undergone any changes at the following email address: idiomaicc@gmail.com Actualized: September 30, 2023.<\/p>","protected":false},"author":4,"featured_media":0,"parent":0,"menu_order":0,"comment_status":"closed","ping_status":"closed","template":"","meta":{"footnotes":""},"class_list":["post-8192","page","type-page","status-publish","hentry","post-no-thumbnail"],"_links":{"self":[{"href":"https:\/\/spanishicc.com\/es\/wp-json\/wp\/v2\/pages\/8192","targetHints":{"allow":["GET"]}}],"collection":[{"href":"https:\/\/spanishicc.com\/es\/wp-json\/wp\/v2\/pages"}],"about":[{"href":"https:\/\/spanishicc.com\/es\/wp-json\/wp\/v2\/types\/page"}],"author":[{"embeddable":true,"href":"https:\/\/spanishicc.com\/es\/wp-json\/wp\/v2\/users\/4"}],"replies":[{"embeddable":true,"href":"https:\/\/spanishicc.com\/es\/wp-json\/wp\/v2\/comments?post=8192"}],"version-history":[{"count":0,"href":"https:\/\/spanishicc.com\/es\/wp-json\/wp\/v2\/pages\/8192\/revisions"}],"wp:attachment":[{"href":"https:\/\/spanishicc.com\/es\/wp-json\/wp\/v2\/media?parent=8192"}],"curies":[{"name":"wp","href":"https:\/\/api.w.org\/{rel}","templated":true}]}}